{"id":13,"date":"2018-05-23T10:07:32","date_gmt":"2018-05-23T13:07:32","guid":{"rendered":"http:\/\/greenwins.com.br\/de\/?page_id=13"},"modified":"2019-09-10T10:46:01","modified_gmt":"2019-09-10T13:46:01","slug":"pfandautomat","status":"publish","type":"page","link":"http:\/\/greenwins.com.br\/de\/pfandautomat\/","title":{"rendered":"PFANDAUTOMAT"},"content":{"rendered":"<p><img decoding=\"async\" class=\"alignnone size-full wp-image-261\" src=\"http:\/\/greenwins.com.br\/de\/wp-content\/uploads\/2019\/09\/RVM.jpg\" alt=\"\" width=\"100%\" height=\"auto\" srcset=\"http:\/\/greenwins.com.br\/de\/wp-content\/uploads\/2019\/09\/RVM.jpg 1200w, http:\/\/greenwins.com.br\/de\/wp-content\/uploads\/2019\/09\/RVM-300x75.jpg 300w, http:\/\/greenwins.com.br\/de\/wp-content\/uploads\/2019\/09\/RVM-768x192.jpg 768w, http:\/\/greenwins.com.br\/de\/wp-content\/uploads\/2019\/09\/RVM-1024x256.jpg 1024w\" sizes=\"(max-width: 1200px) 100vw, 1200px\" \/><\/p>\n<p style=\"text-align: left;\">CashCups ist ein fehlendes Glied im Prozess der modernen Pfandr\u00fcckgabe. Der Kiosk wurde in Zusammenarbeit mit ecomanif entwickelt, um die Annahme des Mehrwegbechers zu erleichtern. Innerhalb von Sekunden kann es wiederverwendbare Becher erkennen, analysieren und sortieren sowie die Kaution \u00fcber TWINT zur\u00fcckerstatten.<\/p>\n<h2 style=\"text-align: left;\">Weshalb Cashcups eine ausgezeichnete L\u00f6sung ist!<\/h2>\n<p style=\"text-align: left;\">Das Anstehen f\u00fcr Geld kann sehr nervig sein. Der Kunde m\u00f6chte eine schnelle und bequeme L\u00f6sung, um die Veranstaltung oder ihre Aktivit\u00e4ten in vollen Z\u00fcgen zu genie\u00dfen. Die Zufriedenheit wirkt sich direkt auf die Einnahmen und das Ansehen der Veranstalter aus. Aus diesem Grund wurde CashCups entwickelt, das das manuelle Trennen zu einer unterhaltsamen und schnellen Aktivit\u00e4t macht.<\/p>\n<h2>Cashcups bietet viele Vorteile an:<\/h2>\n<ul style=\"font-size: 18px;\">\n<li>Mehrwegbecher innerhalb von 10 Sekunden rund um die Uhr \u00fcber TWINT (oder eine andere L\u00f6sung) zur\u00fcckgeben;<\/li>\n<li>Weniger Warteschlangen, mehr Einnahmen aus dem Verkauf von Getr\u00e4nken;<\/li>\n<li>Einfache Wartung und Terminalverwaltung: Fern\u00fcberwachung;<\/li>\n<li>Reduzierte Betriebskosten: zus\u00e4tzlicher Service ohne zus\u00e4tzlichen Arbeitsaufwand;<\/li>\n<li>Verkauf der Werbefl\u00e4che des Bildschirms;<\/li>\n<li>Sponsoring am K\u00f6rper \/ Hauptteil des Terminals \/ Kollektors;<\/li>\n<li>Spendenprogramme auf dem Bildschirm (f\u00fcr eine NRO oder eine lokale Gemeinschaft);<\/li>\n<li>Einbeziehung des Nutzers \u00fcber CSR (Corporate Social Responsibility)&#8230;<\/li>\n<\/ul>\n<p><img decoding=\"async\" class=\"alignnone size-full wp-image-342\" src=\"http:\/\/greenwins.com.br\/fr\/wp-content\/uploads\/2019\/09\/RVM4.jpg\" alt=\"\" width=\"100%\" height=\"auto\" \/><\/p>\n<div class=\"meia esquerda\">\n<iframe loading=\"lazy\" src=\"https:\/\/www.youtube.com\/embed\/IyXecX1VK-w\" width=\"100%\" height=\"315\" frameborder=\"0\" allowfullscreen=\"allowfullscreen\"><\/iframe>\n<\/div>\n<div class=\"meia esquerda\">\n<h2>Wie funktionniert es?<\/h2>\n<ol style=\"font-size: 18px;\">\n<li>Der Benutzer kommt mit seinen Bechern zum Terminal und w\u00e4hlt eine Sprache<\/li>\n<li>Er leert und legt seine Becher<\/li>\n<li>Er w\u00e4hlt entweder die R\u00fcckerstattung oder eine Spende<\/li>\n<li>Es scannt den TWINT QR-Code<\/li>\n<li>Er schlie\u00dft den Vorgang ab<\/li>\n<\/ol>\n<\/div>\n<div class=\"inteira\">\n<h2>Angebot<\/h2>\n<p>Kurz- oder Langzeitmiete. Einmonatiger Test, um die Vorteile zu entdecken<\/p>\n<p><a href=\"http:\/\/greenwins.com.br\/fr\/wp-content\/uploads\/2019\/09\/Flyer_Borne_CashCups_Fran%C3%A7ais_Complet.pdf\" target=\"_blank\" rel=\"noopener noreferrer\"><strong>Laden Sie hier Ihre Brosch\u00fcre herunter!<\/strong><\/a><\/p>\n<\/div>\n<div class=\"green-background\">\n<p><img loading=\"lazy\" decoding=\"async\" class=\"size-full wp-image-538 alignleft\" src=\"http:\/\/greenwins.com.br\/pt\/wp-content\/uploads\/2019\/04\/ecomanif.png\" alt=\"\" width=\"253\" height=\"600\" \/>ecomanif hat seinen Hauptsitz in Yverdon-les-Bains und bietet seit 2010 wiederverwendbare Leih- und Reinigungsservices an, sowohl f\u00fcr kleine Veranstaltungen als auch f\u00fcr gro\u00dfe Festivals, an denen sich Tausende von Menschen vor Ort versammeln und konsumieren. Dadurch tr\u00e4gt ecomanif dazu bei, den CO2-Fu\u00dfabdruck seiner Kunden effektiv zu reduzieren.<\/p>\n<p>Lassen Sie uns mit der Reaktivit\u00e4t von Ecomanif, ihre soziale und \u00f6kologische Beteiligung einschlie\u00dflich ihres Interesses f\u00fcr die innovativen Projekte anf\u00fchren, um wiederverwendbares Geschirr trotz der Umst\u00e4nde, unter denen es verwendet wird, immer zug\u00e4nglicher zu machen (kleine Partys, Veranstaltungen, Unternehmen).<\/p>\n<p>Das umweltfreundliche Veranstaltungssegment ist um 15 bis 30% pro Jahr gestiegen, und ecomanif\u00ae ist bereits in 80% der Veranstaltungen in der Romandie vertreten, wo wiederverwendbare Becher bevorzugt werden. Beide Unternehmen haben eine Strategie f\u00fcr dieses neue Produkt auf dem Schweizer Markt und sind offen f\u00fcr Partnerschaften mit Universit\u00e4ten, AD-Managern, Kantinen, Einkaufszentren, wiederverwendbaren Tassenlieferanten usw.<\/p>\n<p>GreenWinsTM und ecomanif\u00ae haben die ersten 10 Intelligente Kollektoren f\u00fcr wiederverwendbare Becher mit Cashless Pfandr\u00fcckgabe System bei der F\u00eate des Vignerons 2019 vorgestellt.<\/p>\n<p><a href=\"http:\/\/www.ecomanif.ch\">www.ecomanif.ch<\/a><\/p>\n<\/div>\n","protected":false},"excerpt":{"rendered":"<p>CashCups ist ein fehlendes Glied im Prozess der modernen Pfandr\u00fcckgabe. Der Kiosk wurde in Zusammenarbeit mit ecomanif entwickelt, um die Annahme des Mehrwegbechers zu erleichtern. Innerhalb von Sekunden kann es wiederverwendbare Becher erkennen, analysieren und sortieren sowie die Kaution \u00fcber TWINT zur\u00fcckerstatten. Weshalb Cashcups eine ausgezeichnete L\u00f6sung ist! Das Anstehen f\u00fcr Geld kann sehr nervig [&hellip;]<\/p>\n","protected":false},"author":1,"featured_media":0,"parent":0,"menu_order":0,"comment_status":"closed","ping_status":"closed","template":"","meta":{"_acf_changed":false,"footnotes":""},"class_list":["post-13","page","type-page","status-publish","hentry"],"acf":[],"_links":{"self":[{"href":"http:\/\/greenwins.com.br\/de\/wp-json\/wp\/v2\/pages\/13","targetHints":{"allow":["GET"]}}],"collection":[{"href":"http:\/\/greenwins.com.br\/de\/wp-json\/wp\/v2\/pages"}],"about":[{"href":"http:\/\/greenwins.com.br\/de\/wp-json\/wp\/v2\/types\/page"}],"author":[{"embeddable":true,"href":"http:\/\/greenwins.com.br\/de\/wp-json\/wp\/v2\/users\/1"}],"replies":[{"embeddable":true,"href":"http:\/\/greenwins.com.br\/de\/wp-json\/wp\/v2\/comments?post=13"}],"version-history":[{"count":44,"href":"http:\/\/greenwins.com.br\/de\/wp-json\/wp\/v2\/pages\/13\/revisions"}],"predecessor-version":[{"id":282,"href":"http:\/\/greenwins.com.br\/de\/wp-json\/wp\/v2\/pages\/13\/revisions\/282"}],"wp:attachment":[{"href":"http:\/\/greenwins.com.br\/de\/wp-json\/wp\/v2\/media?parent=13"}],"curies":[{"name":"wp","href":"https:\/\/api.w.org\/{rel}","templated":true}]}}