{"id":163,"date":"2019-04-02T14:07:03","date_gmt":"2019-04-02T17:07:03","guid":{"rendered":"http:\/\/greenwins.com.br\/de\/?page_id=163"},"modified":"2019-04-02T14:15:04","modified_gmt":"2019-04-02T17:15:04","slug":"konzept","status":"publish","type":"page","link":"http:\/\/greenwins.com.br\/de\/konzept\/","title":{"rendered":"KONZEPT"},"content":{"rendered":"<h2><strong>Wir m\u00f6chten Sie gerne treffen, um Ihnen zu zeigen, wie GreenWins\u2122 Terminals f\u00fcr Ihr Unternehmen und Ihre Kunden n\u00fctzlich sein k\u00f6nnen.<\/strong><\/h2>\n<h3>GreenWins\u2122 in 5 Gewinnschritten:<\/h3>\n<ol class=\"li-out\">\n<li>Fallstudie des Unternehmens, der Organisation, der Gemeinde<\/li>\n<li>Projektvorschlag und Vertragsunterzeichnung<\/li>\n<li>Terminalinstallation und Schulung des Personals<\/li>\n<li>\u00dcberwachung und Dienste (Wartung, Abfallsammlung, Datenverwaltung usw.)<\/li>\n<li>Mehrwert schaffen<\/li>\n<\/ol>\n<h3>Wie es funktioniert<\/h3>\n<ul class=\"li-out\">\n<li>Wenn Sie das GreenWins\u2122-Terminal hosten m\u00f6chten, bieten wir Hosting-Pakete an und verkaufen die Werbefl\u00e4che an Dritte, in der Regel &#8220;umweltfreundliche Werbetreibende&#8221;.<\/li>\n<li>Wenn Sie als Werbetreibender nach neuen Marketingkan\u00e4len suchen, bieten wir attraktive Optionen im Sinne von &#8220;Green Rates&#8221;.<\/li>\n<li>Wenn Sie den Kiosk hosten und Ihre Produkte und Dienstleistungen mit GreenWins\u2122 bewerben, bieten wir Ihnen den Kiosk kostenlos an und Sie haben Zugang zu speziellen Marketingangeboten.<\/li>\n<li>Wir entwickeln mit Ihnen auch eine individuelle L\u00f6sung!<\/li>\n<\/ul>\n<h3><strong>Werden Sie mit GreenWins\u2122 zu einem Spieler in der Zirkul\u00e4ren Wirtschaft!<\/strong><\/h3>\n<p><img decoding=\"async\" class=\"alignnone wp-image-172\" src=\"http:\/\/greenwins.com.br\/en\/wp-content\/uploads\/2018\/08\/01_EXPO_2.jpg\" alt=\"\" width=\"100%\" height=\"auto\" \/><\/p>\n","protected":false},"excerpt":{"rendered":"<p>Wir m\u00f6chten Sie gerne treffen, um Ihnen zu zeigen, wie GreenWins\u2122 Terminals f\u00fcr Ihr Unternehmen und Ihre Kunden n\u00fctzlich sein k\u00f6nnen. GreenWins\u2122 in 5 Gewinnschritten: Fallstudie des Unternehmens, der Organisation, der Gemeinde Projektvorschlag und Vertragsunterzeichnung Terminalinstallation und Schulung des Personals \u00dcberwachung und Dienste (Wartung, Abfallsammlung, Datenverwaltung usw.) Mehrwert schaffen Wie es funktioniert Wenn Sie das [&hellip;]<\/p>\n","protected":false},"author":1,"featured_media":0,"parent":0,"menu_order":0,"comment_status":"closed","ping_status":"closed","template":"","meta":{"_acf_changed":false,"footnotes":""},"class_list":["post-163","page","type-page","status-publish","hentry"],"acf":[],"_links":{"self":[{"href":"http:\/\/greenwins.com.br\/de\/wp-json\/wp\/v2\/pages\/163","targetHints":{"allow":["GET"]}}],"collection":[{"href":"http:\/\/greenwins.com.br\/de\/wp-json\/wp\/v2\/pages"}],"about":[{"href":"http:\/\/greenwins.com.br\/de\/wp-json\/wp\/v2\/types\/page"}],"author":[{"embeddable":true,"href":"http:\/\/greenwins.com.br\/de\/wp-json\/wp\/v2\/users\/1"}],"replies":[{"embeddable":true,"href":"http:\/\/greenwins.com.br\/de\/wp-json\/wp\/v2\/comments?post=163"}],"version-history":[{"count":6,"href":"http:\/\/greenwins.com.br\/de\/wp-json\/wp\/v2\/pages\/163\/revisions"}],"predecessor-version":[{"id":169,"href":"http:\/\/greenwins.com.br\/de\/wp-json\/wp\/v2\/pages\/163\/revisions\/169"}],"wp:attachment":[{"href":"http:\/\/greenwins.com.br\/de\/wp-json\/wp\/v2\/media?parent=163"}],"curies":[{"name":"wp","href":"https:\/\/api.w.org\/{rel}","templated":true}]}}