{"id":198,"date":"2019-04-03T11:23:14","date_gmt":"2019-04-03T14:23:14","guid":{"rendered":"http:\/\/greenwins.com.br\/de\/?page_id=198"},"modified":"2019-04-18T14:26:13","modified_gmt":"2019-04-18T17:26:13","slug":"investoren","status":"publish","type":"page","link":"http:\/\/greenwins.com.br\/de\/investoren\/","title":{"rendered":"INVESTOREN"},"content":{"rendered":"<div class=\"investor\" style=\"width: 100%;\"><img loading=\"lazy\" decoding=\"async\" class=\"size-medium wp-image-179 alignleft\" src=\"http:\/\/greenwins.com.br\/en\/wp-content\/uploads\/2018\/08\/02-Borne-188x300.jpg\" alt=\"\" width=\"188\" height=\"300\" \/><\/p>\n<p style=\"text-align: left;\"><strong>Investor?<\/strong><br \/>\nWir suchen Investoren, die auf technologischen Fortschritt, Verhaltensforschung und Kreislaufwirtschaft sensibel reagieren und bereit sind, mit k\u00fcnstlicher Intelligenz, neuen Konzepten und neuen Gesch\u00e4ftsmodellen zu experimentieren.<\/p>\n<p style=\"text-align: left;\"><strong>Partner?<\/strong><br \/>\nWir entwickeln zusammen mit unseren Partnern und Kunden schl\u00fcsselfertige GreenWins\u2122-L\u00f6sungen. Kontaktieren Sie uns, um mehr \u00fcber unsere aktuellen Fortschritte zu erfahren, und um neue Synergien zu schaffen.<\/p>\n<p style=\"text-align: left;\"><strong>Sponsor?<\/strong><br \/>\nSponsoren, die die GreenWins\u2122-Kioske \u00fcbernehmen, haben die M\u00f6glichkeit, die Marke ihres Unternehmens einem neuen Publikum vorzustellen und in allen von uns durchgef\u00fchrten Kommunikationskampagnen erw\u00e4hnt zu werden.<\/p>\n<\/div>\n<h2>Beispiel eines Sponsors<\/h2>\n<p><img decoding=\"async\" class=\"alignnone size-full wp-image-512\" src=\"http:\/\/greenwins.com.br\/pt\/wp-content\/uploads\/2019\/04\/investidores.jpg\" alt=\"\" width=\"100%\" height=\"auto\" \/><\/p>\n<ul>\n<li>Logos auf GreenWins und Ecomanif Webseiten<\/li>\n<li>Pressemitteilungen<\/li>\n<li>Partnerangebote<\/li>\n<li>Werbung auf dem Bildschirm (Silber, Gold oder Platin)<\/li>\n<li>Branding der S\u00e4ulen (falls Platin, exklusiv)<\/li>\n<li>Die Auswahl der Ecomanif Veranstaltungen<\/li>\n<\/ul>\n<p><strong>Schreiben Sie uns unverz\u00fcglich, um ein spezielles Angebot zu erhalten.<\/strong><\/p>\n","protected":false},"excerpt":{"rendered":"<p>Investor? Wir suchen Investoren, die auf technologischen Fortschritt, Verhaltensforschung und Kreislaufwirtschaft sensibel reagieren und bereit sind, mit k\u00fcnstlicher Intelligenz, neuen Konzepten und neuen Gesch\u00e4ftsmodellen zu experimentieren. Partner? Wir entwickeln zusammen mit unseren Partnern und Kunden schl\u00fcsselfertige GreenWins\u2122-L\u00f6sungen. Kontaktieren Sie uns, um mehr \u00fcber unsere aktuellen Fortschritte zu erfahren, und um neue Synergien zu schaffen. Sponsor? [&hellip;]<\/p>\n","protected":false},"author":1,"featured_media":0,"parent":0,"menu_order":0,"comment_status":"closed","ping_status":"closed","template":"","meta":{"_acf_changed":false,"footnotes":""},"class_list":["post-198","page","type-page","status-publish","hentry"],"acf":[],"_links":{"self":[{"href":"http:\/\/greenwins.com.br\/de\/wp-json\/wp\/v2\/pages\/198","targetHints":{"allow":["GET"]}}],"collection":[{"href":"http:\/\/greenwins.com.br\/de\/wp-json\/wp\/v2\/pages"}],"about":[{"href":"http:\/\/greenwins.com.br\/de\/wp-json\/wp\/v2\/types\/page"}],"author":[{"embeddable":true,"href":"http:\/\/greenwins.com.br\/de\/wp-json\/wp\/v2\/users\/1"}],"replies":[{"embeddable":true,"href":"http:\/\/greenwins.com.br\/de\/wp-json\/wp\/v2\/comments?post=198"}],"version-history":[{"count":9,"href":"http:\/\/greenwins.com.br\/de\/wp-json\/wp\/v2\/pages\/198\/revisions"}],"predecessor-version":[{"id":244,"href":"http:\/\/greenwins.com.br\/de\/wp-json\/wp\/v2\/pages\/198\/revisions\/244"}],"wp:attachment":[{"href":"http:\/\/greenwins.com.br\/de\/wp-json\/wp\/v2\/media?parent=198"}],"curies":[{"name":"wp","href":"https:\/\/api.w.org\/{rel}","templated":true}]}}