{"id":9,"date":"2018-05-23T10:06:40","date_gmt":"2018-05-23T13:06:40","guid":{"rendered":"http:\/\/greenwins.com.br\/de\/?page_id=9"},"modified":"2019-04-18T13:36:45","modified_gmt":"2019-04-18T16:36:45","slug":"unsere-terminals","status":"publish","type":"page","link":"http:\/\/greenwins.com.br\/de\/unsere-terminals\/","title":{"rendered":"RECYCLING S\u00c4ULEN"},"content":{"rendered":"<div class=\"row\">\n<div class=\"col-md-3 col-totens\">\n<h3>SMALL<\/h3>\n<p><img loading=\"lazy\" decoding=\"async\" class=\"alignnone size-full wp-image-26\" src=\"http:\/\/greenwins.com.br\/pt\/wp-content\/uploads\/2017\/09\/totem-smart2-2.jpg\" alt=\"\" width=\"277\" height=\"265\" \/><\/p>\n<p>Ideal f\u00fcr kleine Materialien und punktuelle Marketingaktionen.<\/p>\n<\/div>\n<div class=\"col-md-3 col-totens\">\n<h3>PREMIUM<\/h3>\n<p><img loading=\"lazy\" decoding=\"async\" class=\"alignnone wp-image-31 size-full\" src=\"http:\/\/greenwins.com.br\/pt\/wp-content\/uploads\/2017\/09\/totem-premium2-2.jpg\" alt=\"\" width=\"277\" height=\"265\" \/><\/p>\n<p>Geeignet f\u00fcr Einkaufszentren oder Kaufh\u00e4user, bei denen die Anzahl der Kunden die Aktion interessant macht.<\/p>\n<\/div>\n<div class=\"col-md-3 col-totens\">\n<h3>EXPO<\/h3>\n<p><img loading=\"lazy\" decoding=\"async\" class=\"alignnone wp-image-29 size-full\" src=\"http:\/\/greenwins.com.br\/pt\/wp-content\/uploads\/2017\/09\/totem-expo2-1-1.jpg\" alt=\"\" width=\"277\" height=\"265\" \/><\/p>\n<p>Gr\u00f6\u00dfere Abmessungen bieten Platz f\u00fcr bis zu 4 verschiedene Materialarten. Ideal f\u00fcr Kaufh\u00e4user, Ausstellungen, Messen oder andere Veranstaltungen.<\/p>\n<\/div>\n<div class=\"col-md-3 col-totens\">\n<h3>MAXI<\/h3>\n<p><img loading=\"lazy\" decoding=\"async\" class=\"alignnone wp-image-30 size-full\" src=\"http:\/\/greenwins.com.br\/pt\/wp-content\/uploads\/2017\/09\/totem-maxi2-2.jpg\" alt=\"\" width=\"277\" height=\"265\" \/><\/p>\n<p>Container k\u00f6nnen alle Arten von wiederverwertbaren Abf\u00e4llen aufnehmen &#8211; bis zu 10 verschiedene Materialien. Kann im Freien installiert werden.<\/p>\n<\/div>\n<\/div>\n<div class=\"row\">\n<div class=\"col-md-12 col-texto-totens\">\n<h2>Wie helfen unsere intelligenten Terminals Ihrem Unternehmen, seine Ziele zu erreichen?<\/h2>\n<div class=\"icon-totens\"><img loading=\"lazy\" decoding=\"async\" class=\"alignnone size-full wp-image-33\" src=\"http:\/\/greenwins.com.br\/pt\/wp-content\/uploads\/2017\/09\/totens-icon1-1.png\" alt=\"\" width=\"108\" height=\"107\" \/><\/div>\n<p><strong>Collecting durch das Sammeln von wiederverwertbaren Abf\u00e4llen und \/ oder Gegenst\u00e4nden:<\/strong><\/p>\n<ul>\n<li>Durch das Sammeln von wiederverwertbaren Abf\u00e4llen und \/ oder Gegenst\u00e4nden.<\/li>\n<li>Durch einen einzigartigen Medienraum und &#8220;Green Rates&#8221;.<\/li>\n<li>Verschiedene Belohnungen, einschlie\u00dflich Treuepunkte.<\/li>\n<li>Durch die Einf\u00fchrung von CSR-Programmen, Sensibilisierung, Verringerung des CO2-Fu\u00dfabdrucks usw.<\/li>\n<li>Durch die St\u00e4rkung Ihres Images &#8220;nachhaltige Entwicklung und Zirkul\u00e4re Wirtschaft&#8221;.<\/li>\n<\/ul>\n<\/div>\n<div class=\"col-md-12 col-texto-totens\">\n<div class=\"icon-totens\"><img loading=\"lazy\" decoding=\"async\" class=\"alignnone size-full wp-image-33\" src=\"http:\/\/greenwins.com.br\/pt\/wp-content\/uploads\/2017\/09\/totens-icon2-1.png\" alt=\"\" width=\"108\" height=\"107\" \/><\/div>\n<p><strong>Ein neues Konzept f\u00fcr digitales Marketing und Werbung, das Folgendes erm\u00f6glicht:<\/strong><\/p>\n<ul>\n<li>neue Werbekonzepte entwickeln.<\/li>\n<li>\u00dcbertragen Sie gezielte Spots auf dem Bildschirm mithilfe von Technologien wie k\u00fcnstlicher Intelligenz.<\/li>\n<li>Leads generieren und Ums\u00e4tze steigern.<\/li>\n<li>Sammeln Sie n\u00fctzliche Informationen f\u00fcr Ihre Marke \/ Ihr Projekt.<\/li>\n<\/ul>\n<\/div>\n<div class=\"row\">\n<div class=\"col-md-6 col-carac-green\">\n<h2>GreenWins\u2122 Terminals<\/h2>\n<p><strong>Art des Materials<\/strong><br \/>\nJedes Terminal sammelt eine Art von Material, das recycelt werden soll (Batterien, Telefone, abgelaufene Medikamente, Kaffeekapseln, PET, Aluminiumdosen usw.)<\/p>\n<p><strong>Touchscreen<\/strong><br \/>\nEin gro\u00dfer Touchscreen bietet dem Werbetreibenden die M\u00f6glichkeit, Werbespots zu senden und eigene Dialoge zu erstellen.<\/p>\n<p><strong>Zentralisiertes Managementsystem<\/strong><br \/>\nAn ein zentrales Managementsystem angeschlossen, kann jedes Terminal einzeln \u00fcberwacht werden. Dialoge, Anzeigen und Belohnungen k\u00f6nnen einfach programmiert werden.<\/p>\n<p><strong>Alarmsystem<\/strong><br \/>\nEin automatisiertes Alarmsystem warnt, wenn das Terminal voll oder inaktiv ist.<\/p>\n<\/div>\n<div class=\"totem-nossos-totens\"><img loading=\"lazy\" decoding=\"async\" class=\"alignnone size-full wp-image-48\" src=\"http:\/\/greenwins.com.br\/pt\/wp-content\/uploads\/2017\/09\/totem-nossos-totens-1.png\" alt=\"\" width=\"260\" height=\"605\" \/><\/div>\n<div class=\"col-md-5 col-carac-grey\">\n<p><strong>GreenWins\u2122-Anwendung<\/strong><br \/>\nJeder kann die GreenWins\u2122-Anwendung kostenlos auf seinem Smartphone installieren und registrieren. Von da an wird es automatisch vom Terminal erkannt und kann seine Ausr\u00fcstung direkt deponieren.<\/p>\n<p><strong>Personalisierung<\/strong><br \/>\nDie Art des Abfallbeh\u00e4lters und sein Volumen werden entsprechend den Bed\u00fcrfnissen des Kunden und der Art des Recyclingmaterials festgelegt.<\/p>\n<p><strong>Optionen<\/strong><br \/>\nAn den Terminals k\u00f6nnen verschiedene Optionen integriert werden: Kartenleser, Barcodeleser, Drucker, Kamera f\u00fcr das hinterlegte Material, automatische Aufzeichnung usw.<\/p>\n<\/div>\n<\/div>\n<\/div>\n","protected":false},"excerpt":{"rendered":"<p>SMALL Ideal f\u00fcr kleine Materialien und punktuelle Marketingaktionen. PREMIUM Geeignet f\u00fcr Einkaufszentren oder Kaufh\u00e4user, bei denen die Anzahl der Kunden die Aktion interessant macht. EXPO Gr\u00f6\u00dfere Abmessungen bieten Platz f\u00fcr bis zu 4 verschiedene Materialarten. Ideal f\u00fcr Kaufh\u00e4user, Ausstellungen, Messen oder andere Veranstaltungen. MAXI Container k\u00f6nnen alle Arten von wiederverwertbaren Abf\u00e4llen aufnehmen &#8211; bis zu [&hellip;]<\/p>\n","protected":false},"author":1,"featured_media":0,"parent":0,"menu_order":0,"comment_status":"closed","ping_status":"closed","template":"","meta":{"_acf_changed":false,"footnotes":""},"class_list":["post-9","page","type-page","status-publish","hentry"],"acf":[],"_links":{"self":[{"href":"http:\/\/greenwins.com.br\/de\/wp-json\/wp\/v2\/pages\/9","targetHints":{"allow":["GET"]}}],"collection":[{"href":"http:\/\/greenwins.com.br\/de\/wp-json\/wp\/v2\/pages"}],"about":[{"href":"http:\/\/greenwins.com.br\/de\/wp-json\/wp\/v2\/types\/page"}],"author":[{"embeddable":true,"href":"http:\/\/greenwins.com.br\/de\/wp-json\/wp\/v2\/users\/1"}],"replies":[{"embeddable":true,"href":"http:\/\/greenwins.com.br\/de\/wp-json\/wp\/v2\/comments?post=9"}],"version-history":[{"count":28,"href":"http:\/\/greenwins.com.br\/de\/wp-json\/wp\/v2\/pages\/9\/revisions"}],"predecessor-version":[{"id":231,"href":"http:\/\/greenwins.com.br\/de\/wp-json\/wp\/v2\/pages\/9\/revisions\/231"}],"wp:attachment":[{"href":"http:\/\/greenwins.com.br\/de\/wp-json\/wp\/v2\/media?parent=9"}],"curies":[{"name":"wp","href":"https:\/\/api.w.org\/{rel}","templated":true}]}}