{"id":7,"date":"2018-05-23T10:06:26","date_gmt":"2018-05-23T13:06:26","guid":{"rendered":"http:\/\/greenwins.com.br\/de\/?page_id=7"},"modified":"2019-09-10T10:08:38","modified_gmt":"2019-09-10T13:08:38","slug":"greenwins","status":"publish","type":"page","link":"https:\/\/greenwins.com.br\/de\/greenwins\/","title":{"rendered":"DIE FIRMA"},"content":{"rendered":"<h2>DIE GREENWINS\u2122-GARANTIE<\/h2>\n<p>GreenWins\u2122 ist ein internationales Unternehmen, das 2013 gegr\u00fcndet wurde und seitdem eine breite Palette an intelligenten Terminalmodellen f\u00fcr Recycling und digitale Werbung entwickelt hat. Heute sind wir zur Massenproduktion bereit.<\/p>\n<p>Pascal Reichen und Alain B\u00fchler, die Mitbegr\u00fcnder, verf\u00fcgen \u00fcber umfassendes IT-Wissen und eine ehrgeizige Vision, die dieses Projekt auf den neuesten technologischen Fortschritt bringt und die Produkte noch intelligenter, besser vernetzt und n\u00e4her an den Anwendern bringt.<\/p>\n<ul class=\"lentrepise li-out\">\n<li>In Zusammenarbeit mit ecomanif, hat GreenWinsTM Schweiz die ersten 10 Intelligente Kollektoren f\u00fcr wiederverwendbare Becher mit Cashless Pfandr\u00fcckgabe System bei der F\u00eate des Vignerons 2019 vorgestellt.<\/li>\n<li>GreenWinsTM Schweiz f\u00fchrt auch eine Sensibilisierungskampagne an einer technischen Schule in Biel durch.<\/li>\n<li>Das GreenWinsTM-Team in Brasilien wird sein EXPO-Terminal in einer Stadt in der N\u00e4he von S\u00e3o Paulo installieren<\/li>\n<\/ul>\n","protected":false},"excerpt":{"rendered":"<p>DIE GREENWINS\u2122-GARANTIE GreenWins\u2122 ist ein internationales Unternehmen, das 2013 gegr\u00fcndet wurde und seitdem eine breite Palette an intelligenten Terminalmodellen f\u00fcr Recycling und digitale Werbung entwickelt hat. Heute sind wir zur Massenproduktion bereit. Pascal Reichen und Alain B\u00fchler, die Mitbegr\u00fcnder, verf\u00fcgen \u00fcber umfassendes IT-Wissen und eine ehrgeizige Vision, die dieses Projekt auf den neuesten technologischen Fortschritt [&hellip;]<\/p>\n","protected":false},"author":1,"featured_media":0,"parent":0,"menu_order":0,"comment_status":"closed","ping_status":"closed","template":"","meta":{"_acf_changed":false,"footnotes":""},"class_list":["post-7","page","type-page","status-publish","hentry"],"acf":[],"_links":{"self":[{"href":"https:\/\/greenwins.com.br\/de\/wp-json\/wp\/v2\/pages\/7","targetHints":{"allow":["GET"]}}],"collection":[{"href":"https:\/\/greenwins.com.br\/de\/wp-json\/wp\/v2\/pages"}],"about":[{"href":"https:\/\/greenwins.com.br\/de\/wp-json\/wp\/v2\/types\/page"}],"author":[{"embeddable":true,"href":"https:\/\/greenwins.com.br\/de\/wp-json\/wp\/v2\/users\/1"}],"replies":[{"embeddable":true,"href":"https:\/\/greenwins.com.br\/de\/wp-json\/wp\/v2\/comments?post=7"}],"version-history":[{"count":9,"href":"https:\/\/greenwins.com.br\/de\/wp-json\/wp\/v2\/pages\/7\/revisions"}],"predecessor-version":[{"id":263,"href":"https:\/\/greenwins.com.br\/de\/wp-json\/wp\/v2\/pages\/7\/revisions\/263"}],"wp:attachment":[{"href":"https:\/\/greenwins.com.br\/de\/wp-json\/wp\/v2\/media?parent=7"}],"curies":[{"name":"wp","href":"https:\/\/api.w.org\/{rel}","templated":true}]}}